{"id":1812,"date":"2026-03-30T08:53:06","date_gmt":"2026-03-30T08:53:06","guid":{"rendered":"https:\/\/cabinetpedicuriepodologieparis14.fr\/?page_id=1812"},"modified":"2026-03-30T12:56:04","modified_gmt":"2026-03-30T12:56:04","slug":"mentions-legales-politique-de-confidentialite","status":"publish","type":"page","link":"https:\/\/cabinetpedicuriepodologieparis14.fr\/index.php\/mentions-legales-politique-de-confidentialite\/","title":{"rendered":"Mentions l\u00e9gales &amp; Politique de confidentialit\u00e9"},"content":{"rendered":"\t\t<div data-elementor-type=\"wp-page\" data-elementor-id=\"1812\" class=\"elementor elementor-1812\">\n\t\t\t\t<div class=\"elementor-element elementor-element-2c3e3725 e-con-full e-flex e-con e-parent\" data-id=\"2c3e3725\" data-element_type=\"container\" data-e-type=\"container\">\n\t\t\t\t<div class=\"elementor-element elementor-element-6b14decd elementor-widget elementor-widget-text-editor\" data-id=\"6b14decd\" data-element_type=\"widget\" data-e-type=\"widget\" data-widget_type=\"text-editor.default\">\n\t\t\t\t\t\t\t\t\t<p><\/p>\n<p>MENTIONS LEGALES &amp; POLITIQUE DE CONFIDENTIALITE<\/p>\n<p>Nom du site :\u00a0https:\/\/cabinetpedicuriepodologieparis14.fr\/<br \/>Directeur de la publication : M BURGEVIN Juliette<br \/>Email :\u00a0cabinetgaite@gmail.com<\/p>\n<p><\/p>\n<p>Adresse : 23 rue de l\u2019ouest<br \/>75014 &#8211; PARIS<br \/>T\u00e9l : 0649780591<br \/>Forme juridique : SELARL<br \/>Raison sociale : SELARL Cabinet de Pedicurie-Podologie Gaite<br \/>SIRET : 991 447 939 00018<br \/>Capital : 1 000,00 \u20ac<\/p>\n<p><\/p>\n<p>H\u00e9bergement : OVH, SAS au capital de 50 000 000 \u20ac, filiale de la soci\u00e9t\u00e9 OVH Groupe SA, soci\u00e9t\u00e9 immatricul\u00e9e au RCS de Lille sous le num\u00e9ro 537 407 926 sise 2, rue Kellermann, 59100 Roubaix.<\/p>\n<p><\/p>\n<p>L&#8217;utilisateur du site Internet reconna\u00eet disposer de la comp\u00e9tence et des moyens n\u00e9cessaires pour acc\u00e9der et utiliser ce site. Il reconna\u00eet \u00e9galement avoir pris connaissance de la pr\u00e9sente notice l\u00e9gale et s&#8217;engage \u00e0 la respecter.<\/p>\n<p><\/p>\n<p>L&#8217;utilisateur est inform\u00e9 que lors de ses visites sur le site, un cookie peut s&#8217;installer automatiquement sur son logiciel de navigation. Un cookie est un \u00e9l\u00e9ment qui ne permet pas d&#8217;identifier l&#8217;utilisateur mais sert \u00e0 enregistrer des informations relatives \u00e0 la navigation de celui-ci sur le site Internet. L&#8217;utilisateur pourra d\u00e9sactiver ce cookie par l&#8217;interm\u00e9diaire des param\u00e8tres figurant au sein de son logiciel de navigation.<\/p>\n<p><\/p>\n<p>L&#8217;utilisateur dispose d&#8217;un droit d&#8217;acc\u00e8s, de modification, de rectification et de suppression des donn\u00e9es qui le concernent (article 34 de la loi &#8221; Informatique et Libert\u00e9s &#8220;).<br \/>Pour l&#8217;exercer, l&#8217;utilisateur peut s&#8217;adresser aupr\u00e8s du Directeur de la publication vis\u00e9 plus haut.<\/p>\n<p><\/p>\n<p>Toute repr\u00e9sentation totale ou partielle de ce site par quelque proc\u00e9d\u00e9 que ce soit, sans l&#8217;autorisation expresse de l&#8217;exploitant du site Internet est interdite et constituerait une contrefa\u00e7on sanctionn\u00e9e par les article L 335-2 et suivants du Code de la propri\u00e9t\u00e9 intellectuelle.<\/p>\n<p><\/p>\n<p>Il en est de m\u00eame des \u00e9ventuelles bases de donn\u00e9es figurant sur le site Internet qui sont prot\u00e9g\u00e9es par les dispositions de la loi du 11 juillet 1998 portant transposition dans le Code de la propri\u00e9t\u00e9 intellectuelle (CPI) de la directive europ\u00e9enne du 11 mars 1996 relative \u00e0 la protection juridique des bases de donn\u00e9es.<\/p>\n<p><\/p>\n<p>Les marques de l&#8217;exploitant du site Internet et de ses partenaires, ainsi que les logos figurant sur le site sont des \u00e9l\u00e9ments prot\u00e9g\u00e9s par les dispositions du droit de la propri\u00e9t\u00e9 intellectuelle et ne peuvent faire l&#8217;objet, sans consentement du Directeur de la publication, d&#8217;aucune reproduction ni repr\u00e9sentation partielle ou totale.<\/p>\n<p><\/p>\n<p>Les liens hypertextes mis en place dans le cadre du site Internet en direction d&#8217;autres ressources pr\u00e9sentes sur le r\u00e9seau de l&#8217;Internet, et notamment vers ses partenaires ont fait l&#8217;objet d&#8217;une autorisation pr\u00e9alable expresse et \u00e9crite.<\/p>\n<p><\/p>\n<p>Les utilisateurs visiteurs du site Internet ne peuvent mettre en place un hyperlien en direction de ces sites sans l&#8217;autorisation expresse et pr\u00e9alable de l&#8217;exploitant du site Internet.<\/p>\n<p><\/p>\n<p>Conform\u00e9ment aux articles L.612-1 et suivants issus de l&#8217;ordonnance n\u00b02016-301 du 14 mars 2016, vous avez la possibilit\u00e9 en cas de litige de recourir gratuitement au M\u00e9diateur de la Consommation relevant de notre secteur d&#8217;\u00e9conomie en vous reportant au site de la Commission d&#8217;Evaluation et de contr\u00f4le de la m\u00e9diation de la consommation charg\u00e9e d&#8217;\u00e9tablir et de mettre \u00e0 jour la liste des m\u00e9diateurs (http:\/\/www.economie.gouv.fr\/mediation-conso).<\/p>\n<p><\/p>\n<p><\/p>\t\t\t\t\t\t\t\t<\/div>\n\t\t\t\t<\/div>\n\t\t\t\t<\/div>\n\t\t","protected":false},"excerpt":{"rendered":"<p>MENTIONS LEGALES &amp; POLITIQUE DE CONFIDENTIALITE Nom du site :\u00a0https:\/\/cabinetpedicuriepodologieparis14.fr\/Directeur de la publication : M BURGEVIN JulietteEmail :\u00a0cabinetgaite@gmail.com Adresse : [&hellip;]<\/p>\n","protected":false},"author":1,"featured_media":0,"parent":0,"menu_order":0,"comment_status":"closed","ping_status":"closed","template":"","meta":{"site-sidebar-layout":"default","site-content-layout":"","ast-site-content-layout":"default","site-content-style":"default","site-sidebar-style":"default","ast-global-header-display":"","ast-banner-title-visibility":"","ast-main-header-display":"","ast-hfb-above-header-display":"","ast-hfb-below-header-display":"","ast-hfb-mobile-header-display":"","site-post-title":"","ast-breadcrumbs-content":"","ast-featured-img":"","footer-sml-layout":"","ast-disable-related-posts":"","theme-transparent-header-meta":"","adv-header-id-meta":"","stick-header-meta":"","header-above-stick-meta":"","header-main-stick-meta":"","header-below-stick-meta":"","astra-migrate-meta-layouts":"default","ast-page-background-enabled":"default","ast-page-background-meta":{"desktop":{"background-color":"var(--ast-global-color-5)","background-image":"","background-repeat":"repeat","background-position":"center center","background-size":"auto","background-attachment":"scroll","background-type":"","background-media":"","overlay-type":"","overlay-color":"","overlay-opacity":"","overlay-gradient":""},"tablet":{"background-color":"","background-image":"","background-repeat":"repeat","background-position":"center center","background-size":"auto","background-attachment":"scroll","background-type":"","background-media":"","overlay-type":"","overlay-color":"","overlay-opacity":"","overlay-gradient":""},"mobile":{"background-color":"","background-image":"","background-repeat":"repeat","background-position":"center center","background-size":"auto","background-attachment":"scroll","background-type":"","background-media":"","overlay-type":"","overlay-color":"","overlay-opacity":"","overlay-gradient":""}},"ast-content-background-meta":{"desktop":{"background-color":"var(--ast-global-color-4)","background-image":"","background-repeat":"repeat","background-position":"center center","background-size":"auto","background-attachment":"scroll","background-type":"","background-media":"","overlay-type":"","overlay-color":"","overlay-opacity":"","overlay-gradient":""},"tablet":{"background-color":"var(--ast-global-color-4)","background-image":"","background-repeat":"repeat","background-position":"center center","background-size":"auto","background-attachment":"scroll","background-type":"","background-media":"","overlay-type":"","overlay-color":"","overlay-opacity":"","overlay-gradient":""},"mobile":{"background-color":"var(--ast-global-color-4)","background-image":"","background-repeat":"repeat","background-position":"center center","background-size":"auto","background-attachment":"scroll","background-type":"","background-media":"","overlay-type":"","overlay-color":"","overlay-opacity":"","overlay-gradient":""}},"footnotes":""},"class_list":["post-1812","page","type-page","status-publish","hentry"],"_links":{"self":[{"href":"https:\/\/cabinetpedicuriepodologieparis14.fr\/index.php\/wp-json\/wp\/v2\/pages\/1812","targetHints":{"allow":["GET"]}}],"collection":[{"href":"https:\/\/cabinetpedicuriepodologieparis14.fr\/index.php\/wp-json\/wp\/v2\/pages"}],"about":[{"href":"https:\/\/cabinetpedicuriepodologieparis14.fr\/index.php\/wp-json\/wp\/v2\/types\/page"}],"author":[{"embeddable":true,"href":"https:\/\/cabinetpedicuriepodologieparis14.fr\/index.php\/wp-json\/wp\/v2\/users\/1"}],"replies":[{"embeddable":true,"href":"https:\/\/cabinetpedicuriepodologieparis14.fr\/index.php\/wp-json\/wp\/v2\/comments?post=1812"}],"version-history":[{"count":22,"href":"https:\/\/cabinetpedicuriepodologieparis14.fr\/index.php\/wp-json\/wp\/v2\/pages\/1812\/revisions"}],"predecessor-version":[{"id":1864,"href":"https:\/\/cabinetpedicuriepodologieparis14.fr\/index.php\/wp-json\/wp\/v2\/pages\/1812\/revisions\/1864"}],"wp:attachment":[{"href":"https:\/\/cabinetpedicuriepodologieparis14.fr\/index.php\/wp-json\/wp\/v2\/media?parent=1812"}],"curies":[{"name":"wp","href":"https:\/\/api.w.org\/{rel}","templated":true}]}}